{"id":3,"date":"2023-06-14T09:47:21","date_gmt":"2023-06-14T09:47:21","guid":{"rendered":"https:\/\/www.aledoboutique.com\/?page_id=3"},"modified":"2023-11-08T10:07:16","modified_gmt":"2023-11-08T10:07:16","slug":"privacy-policy","status":"publish","type":"page","link":"https:\/\/www.aledoboutique.com\/en\/privacy-policy\/","title":{"rendered":"Privacy Policy"},"content":{"rendered":"<div data-elementor-type=\"wp-page\" data-elementor-id=\"3\" class=\"elementor elementor-3\">\n\t\t\t\t\t\t<section class=\"elementor-section elementor-top-section elementor-element elementor-element-5034a005 elementor-section-boxed elementor-section-height-default elementor-section-height-default qodef-elementor-content-no\" data-id=\"5034a005\" data-element_type=\"section\">\n\t\t\t\t\t\t<div class=\"elementor-container elementor-column-gap-default\">\n\t\t\t\t\t<div class=\"elementor-column elementor-col-100 elementor-top-column elementor-element elementor-element-39fe46f\" data-id=\"39fe46f\" data-element_type=\"column\">\n\t\t\t<div class=\"elementor-widget-wrap elementor-element-populated\">\n\t\t\t\t\t\t<div class=\"elementor-element elementor-element-48a1789 elementor-widget elementor-widget-heading\" data-id=\"48a1789\" data-element_type=\"widget\" data-widget_type=\"heading.default\">\n\t\t\t\t<div class=\"elementor-widget-container\">\n\t\t\t\t\t<h2 class=\"elementor-heading-title elementor-size-default\">Privacy Policy<\/h2>\t\t\t\t<\/div>\n\t\t\t\t<\/div>\n\t\t\t\t<div class=\"elementor-element elementor-element-a18dd4f elementor-widget elementor-widget-text-editor\" data-id=\"a18dd4f\" data-element_type=\"widget\" data-widget_type=\"text-editor.default\">\n\t\t\t\t<div class=\"elementor-widget-container\">\n\t\t\t\t\t\t\t\t\t<p><br \/>Il presente regolamento sulla privacy stabilisce le disposizioni e le politiche relative alla raccolta, all&#8217;elaborazione, all&#8217;uso e alla protezione dei dati personali degli ospiti che prenotano e soggiornano presso la nostra struttura. Ci impegniamo a garantire la sicurezza e la riservatezza dei dati personali dei nostri ospiti e ad attenerci alle leggi applicabili in materia di protezione dei dati.<\/p>\n<p><br \/>Il GDPR 679\/2016 Regolamento Europeo in materia di protezione dei dati personali agli artt. 13 e 14, commi 1, impone l\u2019obbligo di informazione nei confronti dell\u2019interessato, in caso di raccolta diretta ed indiretta dei suoi dati, sugli elementi fondamentali del trattamento.<br \/>La scrivente impresa vi adempie compiutamente informandoLa che:<\/p>\n<p>\u00a0<\/p>\n<p>TITOLARE DEL TRATTAMENTO<br \/>Aledo Boutique Apartments di Domenico Carandente Tartaglia, P.IVA 10134371219, con sede legale in Via Vannella Gaetani 25, 80121 Napoli, Italia. <br \/>PEC: vittoria25@arubapec.it<br \/>RECAPITO TELEFONICO: +39 08119313786<br \/>EMAIL: info@aledoboutique.com<\/p>\n<p>\u00a0<\/p>\n<p>FINALITA DEL TRATTAMENTO<br \/>I dati personali verranno trattati, con il consenso ove necessario, per le seguenti finalit\u00e0:<br \/>&#8211; per acquisire e confermare la sua prenotazione di servizi di alloggio e servizi accessori e per fornire i servizi richiesti;<br \/>&#8211; per adempiere ad eventuali obblighi previsti dalle leggi vigenti, da regolamenti o dalla normativa comunitaria, o soddisfare richieste provenienti dalle autorit\u00e0.<br \/>&#8211; per adempiere all\u2019obbligo previsto dall\u2019art. 109 R.D. 18.6.1931 n. 773 \u201cTesto unico delle leggi di pubblica sicurezza\u201d che impone di comunicare alla Questura, per fini di pubblica sicurezza, le generalit\u00e0 dei clienti alloggiati &#8211; &#8211; secondo le modalit\u00e0 stabilite dal Ministero dell\u2019Interno d. lgs. 7. 1. 2013. <br \/>&#8211; per adempiere all&#8217;obbligo di comunicazione al rilevatore turistico regionale del Turismo, al fine di monitorare il settore turistico attraverso l&#8217;acquisizione, la gestione e la diffusione delle informazioni e dei dati statistici relativi al flusso tra domanda e offerta turistica regionale.<br \/>&#8211; per adempiere ai vigenti obblighi amministrativi, contabili e fiscali;<br \/>&#8211; per accelerare le procedure di registrazione in caso di successivi soggiorni presso la nostra struttura;<br \/>&#8211; per espletare la funzione di ricevimento di messaggi e telefonate a lei indirizzati prima, durante e dopo il loro soggiorno;<br \/>previo consenso, per finalit\u00e0 di marketing (es: invio di messaggi promozionali e aggiornamenti sulle tariffe e sulle offerte praticate, newsletter);<\/p>\n<p><br \/>DATI PERSONALI OGGETTO DI TRATTAMENTO<br \/>Le categorie di dati personali trattati sono:<br \/>&#8211; dati identificativi e anagrafici (es: nome, cognome, codice fiscale, ragione sociale)<br \/>&#8211; dati demografici (es: et\u00e0, sesso, Paese e lingua preferita);<br \/>&#8211; informazioni di contatto (es: indirizzo, telefono, e-mail)<br \/>&#8211; informazioni di pagamento (estremi carte di credito e debito forniti a garanzia e\/o saldo)<br \/>&#8211; dati relativi alla prenotazione, al soggiorno<br \/>&#8211; dati relativi a condizioni di salute (handicap, intolleranze alimentari, allergie a tessuti)<br \/>&#8211; dati relative alle telefonate<\/p>\n<p>\u00a0<\/p>\n<p>BASE GIURIDICA DEL TRATTAMENTO<br \/>Il trattamento dei dati sar\u00e0 condotto in piena conformit\u00e0 alle disposizioni normative vigenti, nel rispetto dei principi di liceit\u00e0, correttezza e riservatezza. Il trattamento dei dati avverr\u00e0 in base di:<\/p>\n<p>Obblighi precontrattuali e contrattuali: Trattandosi di trattamenti necessari per la definizione dell\u2019accordo contrattuale e per la sua successiva attuazione, non \u00e8 richiesto generalmente il consenso dell&#8217;interessato. Tuttavia, nel caso in cui l&#8217;interessato rifiuti di fornire i dati personali richiesti, ci\u00f2 potrebbe comportare l&#8217;impossibilit\u00e0 di confermare la prenotazione e\/o fornire i servizi richiesti.<\/p>\n<p>Obblighi di legge: Il trattamento dei dati per adempiere a obblighi di legge \u00e8 eseguito senza necessit\u00e0 di acquisire il consenso dell&#8217;interessato. Tuttavia, nel caso in cui l&#8217;interessato rifiuti di fornire i dati necessari per adempiere a tali obblighi di legge, ci\u00f2 potrebbe comportare l&#8217;impossibilit\u00e0 di fornire i servizi richiesti.<\/p>\n<p>\u00a0<\/p>\n<p>MODALITA\u2019 DI TRATTAMENTO<br \/>Il trattamento dei dati sar\u00e0 effettuato conformemente all&#8217;articolo 32 del GDPR 2016\/679, sia in modalit\u00e0 automatizzata che manuale, e comprender\u00e0 le seguenti operazioni: raccolta, registrazione, organizzazione, conservazione, consultazione, elaborazione, estrazione, utilizzo, comunicazione, cancellazione e distruzione dei dati.<\/p>\n<p>L&#8217;utilizzo di strumenti elettronici o di altre tecnologie automatizzate sar\u00e0 impiegato per la memorizzazione, gestione e trasmissione dei dati, assicurando la configurazione adeguata per garantire la massima riservatezza e protezione necessaria.<\/p>\n<p>Nel caso in cui i dati siano presenti su supporto cartaceo, saranno adottate adeguate misure di custodia per prevenire l&#8217;accesso da parte di soggetti non autorizzati.<\/p>\n<p>I dati personali potranno essere forniti direttamente dall&#8217;interessato al Titolare del trattamento o raccolti attraverso terze parti, quali le OTA (Online Travel Agency), ad esempio Booking.com, Expedia.com, Airbnb, ecc.<\/p>\n<p>Per le prenotazioni effettuate online tramite il sito istituzionale, la societ\u00e0 titolare utilizzer\u00e0 un motore di prenotazione di terze parti nominato responsabile ai sensi dell&#8217;articolo 28 del GDPR.<\/p>\n<p>\u00a0<\/p>\n<p>COMUNICAZIONE DEI DATI<br \/>I dati personali potranno essere oggetto di trasferimento e trattamento da parte di terzi, agendo in qualit\u00e0 di autorizzati, responsabili o titolari del trattamento dati, al fine di adempiere ad obblighi precontrattuali, contrattuali e di legge.<br \/>Tra le possibili categorie di destinatari si possono elencare, a titolo meramente indicativo:<br \/>&#8211; Incaricati<br \/>&#8211; Amministratori di sistema<br \/>&#8211; Consulenti contabili<br \/>&#8211; Consulenti legali<br \/>&#8211; Istituti bancari e finanziari <br \/>&#8211; Enti assicurativi<br \/>&#8211; Societ\u00e0 di servizi per la manutenzione dell\u2019infrastruttura alberghiera<br \/>&#8211; Societ\u00e0 di forniture servizi internet e posta elettronica<br \/>&#8211; Societ\u00e0 proprietarie del sistema di prenotazione<br \/>&#8211; Autorit\u00e0 di polizia (Questura)<br \/>&#8211; Partner commerciali di Aledo Boutique Apartments ai quali lo stesso comunica i dati esclusivamente per evadere e gestire le prenotazioni on line, tra cui a titolo di esempio: Octorate S.r.l.<\/p>\n<p>\u00a0<\/p>\n<p>CONSERVAZIONE DEI DATI<br \/>I dati personali dell&#8217;interessato saranno conservati dal Titolare per il periodo strettamente necessario per svolgere le attivit\u00e0 connesse alle finalit\u00e0 descritte in questa informativa. In particolare, i tempi di conservazione saranno i seguenti:<\/p>\n<p>&#8211; 10 anni (secondo quanto previsto dagli obblighi civilistici)<br \/>&#8211; Un massimo di 3 mesi dalla data di check-out per i dati delle carte di credito;<br \/>&#8211; Un massimo di 3 anni dalla data dell&#8217;ultimo check-out per i dati personali particolari relativi al soggiorno a fini di marketing, salvo diverse indicazioni fornite dall&#8217;interessato.<br \/>I dati inviati alla Questura vengono cancellati subito dopo l&#8217;invio. Tuttavia, le ricevute digitali di invio vengono conservate per 5 anni.<\/p>\n<p>Si precisa che possono essere previsti periodi di conservazione pi\u00f9 lunghi in conformit\u00e0 con specifiche normative settoriali.<\/p>\n<p><br \/>DIRITTI DELL\u2019INTERESSATO<\/p>\n<p>In qualit\u00e0 di Interessato e relativamente ai trattamenti descritti nella presente informativa, il cliente gode dei diritti specificati negli articoli 7, da 15 a 21 e 77 del Regolamento Generale sulla Protezione dei Dati (GDPR). I diritti comprendono:<\/p>\n<p>&#8211; Diritto di accesso (articolo 15 GDPR): Il cliente ha il diritto di ottenere una conferma sull&#8217;esistenza o meno di un trattamento in corso di dati personali che lo riguardano, nonch\u00e9 di accedere a tali dati personali e ottenere una copia degli stessi.<\/p>\n<p>&#8211; Diritto di rettifica (articolo 16 GDPR): Il cliente ha il diritto di richiedere, senza ingiustificato ritardo, la correzione dei dati personali inesatti che lo riguardano o l&#8217;integrazione dei dati personali incompleti.<\/p>\n<p>&#8211; Diritto alla cancellazione (diritto all&#8217;oblio) (articolo 17 GDPR): Il cliente ha il diritto di ottenere la cancellazione dei dati personali che lo riguardano, senza ingiustificato ritardo.<\/p>\n<p>&#8211; Diritto di limitazione di trattamento (articolo 18 GDPR): Il cliente ha il diritto di ottenere la limitazione del trattamento dei suoi dati personali nelle seguenti circostanze: (a) contestazione dell&#8217;accuratezza dei dati personali per il periodo necessario al Titolare del trattamento per verificare l&#8217;accuratezza stessa; (b) trattamento illecito dei dati personali e opposizione dell&#8217;Interessato alla cancellazione dei dati personali, richiedendo invece la limitazione del loro utilizzo; (c) necessit\u00e0 dei dati personali per l&#8217;accertamento, l&#8217;esercizio o la difesa di un diritto in sede giudiziaria; (d) opposizione dell&#8217;Interessato al trattamento in base all&#8217;articolo 21 GDPR, in attesa della verifica in merito alla prevalenza dei legittimi motivi del Titolare del trattamento rispetto a quelli dell&#8217;Interessato.<\/p>\n<p>&#8211; Diritto alla portabilit\u00e0 dei dati (articolo 20 GDPR): Il cliente ha il diritto di ricevere i dati personali che lo riguardano e che ha fornito al Titolare del trattamento in un formato strutturato, di uso comune e leggibile da dispositivo automatico. Inoltre, ha il diritto di trasmettere tali dati a un altro Titolare del trattamento senza impedimenti, qualora il trattamento si basi sul consenso e sia effettuato con mezzi automatizzati. Inoltre, il diritto di ottenere che i dati personali del Cliente siano trasmessi direttamente ad altro Titolare qualora ci\u00f2 sia tecnicamente fattibile;<\/p>\n<p>&#8211; Diritto di opposizione \u2013 articolo 21 GDPR: diritto di opporsi, in qualsiasi momento per motivi connessi alla sua situazione particolare, al trattamento dei dati personali che riguardano l\u2019Utente basati sulla condizione di liceit\u00e0 del legittimo interesse o dell\u2019esecuzione di un compito di interesse pubblico o dell\u2019esercizio di pubblici poteri, compresa la profilazione, salvo che sussistano motivi legittimi per il Titolare di continuare il trattamento che prevalgono sugli interessi, sui diritti e sulle libert\u00e0 dell\u2019Interessato oppure per l\u2019accertamento, l\u2019esercizio o la difesa di un diritto in sede giudiziaria. Inoltre, il diritto di opporsi in qualsiasi momento al trattamento qualora i dati personali siano trattati per finalit\u00e0 di marketing diretto, compresa la profilazione, nella misura in cui sia connessa a tale marketing diretto;<\/p>\n<p>&#8211; Diritto di revoca &#8211; ai sensi dell&#8217;articolo 7 del Regolamento Generale sulla Protezione dei Dati (GDPR), il Cliente gode del diritto di revocare il proprio consenso in qualsiasi momento. Tale revoca non pregiudicher\u00e0 la legittimit\u00e0 del trattamento basato sul consenso prestato prima della revoca stessa.<\/p>\n<p>&#8211; Diritto di reclamo &#8211; ai sensi dell&#8217;articolo 77 del GDPR, il Cliente ha il diritto di presentare un reclamo all&#8217;Autorit\u00e0 Garante per la protezione dei dati personali. Per far ci\u00f2, pu\u00f2 inviare una raccomandata con ricevuta di ritorno all&#8217;indirizzo: Piazza Venezia n. 11, 00187 ROMA. In alternativa, pu\u00f2 inviare un messaggio di posta elettronica certificata all&#8217;indirizzo protocollo@pec.gpdp.it.<\/p>\n<p>Il Cliente potr\u00e0 in qualsiasi momento esercitare i propri diritti inviando una raccomandata A.R. a: Aledo Boutique Apartments di Domenico Carandente Tartaglia, con sede legale in Via Vannella Gaetani 25, 80121 Napoli, Italia, oppure una pec a: vittoria25@arubapec.it<\/p>\n<p>\u00a0<\/p>\n<p>NATURA DEL CONFERIMENTO <br \/>La comunicazione dei dati personali costituisce un presupposto indispensabile per la stipula del contratto in questione. Di conseguenza, qualora Lei dovesse rifiutare di fornire tali informazioni, si verificherebbe l&#8217;impossibilit\u00e0 di dar corso all&#8217;adempimento contrattuale.<\/p>\n<p>Per quanto attiene alle finalit\u00e0 del trattamento per le quali \u00e8 richiesto il Suo consenso, il Suo eventuale diniego non pregiudicher\u00e0 gli obblighi assunti.<\/p>\n<p><br \/>TRASFERIMENTO DEI DATI AD UN PAESE TERZO O ORGANIZZAZIONE INTERNAZIONALE\u00a0<br \/>Alcuni dei nostri fornitori di servizi esterni operano al di fuori dello Spazio Economico Europeo (SEE), il che comporta il trasferimento di dati personali al di fuori di questa area. Ogni volta che effettuiamo tali trasferimenti, la societ\u00e0 titolare garantisce un livello di protezione adeguato adottando almeno una delle seguenti misure:<\/p>\n<p>Utilizzo di specifici contratti approvati dalla Commissione Europea o dal Commissario per le informazioni del Regno Unito, i quali assicurano ai dati personali la medesima protezione prevista in Europa, qualora vengano impiegati determinati fornitori di servizi.<br \/>Trasferimento dei dati verso fornitori con sede negli Stati Uniti solo se partecipano allo &#8220;scudo per la privacy&#8221; (Privacy Shield), il quale richiede loro di fornire una protezione equiparabile ai dati personali condivisi tra l&#8217;Europa e gli Stati Uniti.<\/p>\n<p>\u00a0<\/p>\n<p>DIFFUSIONE E PROFILAZIONE DEI DATI<\/p>\n<p>I dati personali dell&#8217;interessato non saranno soggetti a divulgazione n\u00e9 a processi decisionali automatizzati, compresa la profilazione.<\/p>\n<p>Nel caso di raccolta indiretta di dati ai sensi dell&#8217;articolo 14 del Regolamento Generale sulla Protezione dei Dati (GDPR), il titolare del trattamento provveder\u00e0 a fornire le informazioni indicate nei paragrafi 1 e 2:<\/p>\n<p>Entro un termine ragionevole dalla raccolta dei dati personali, ma comunque non oltre un mese, tenendo debitamente conto delle specifiche circostanze in cui i dati personali sono trattati.<br \/>Nel caso in cui i dati personali siano destinati alla comunicazione con l&#8217;interessato, le informazioni saranno fornite al pi\u00f9 tardi al momento della prima comunicazione all&#8217;interessato.<br \/>Nel caso in cui sia prevista la comunicazione dei dati personali a terzi, le informazioni saranno fornite non oltre la prima comunicazione dei dati personali.<br \/>La presente informativa sar\u00e0 accompagnata da un apposito modulo che sar\u00e0 reso disponibile all&#8217;interessato all&#8217;atto dell&#8217;arrivo presso la struttura. Inoltre, sar\u00e0 presente il modulo di consenso al trattamento dei dati personali.<\/p>\n<p>\u00a0<\/p>\n<p>\u00a0<\/p>\n<p>Privacy Policy di www.aledoboutique.com<br \/>Questa Applicazione raccoglie alcuni Dati Personali dei propri Utenti.<\/p>\n<p>Titolare del Trattamento dei Dati: Aledo Boutique Apartments di Domenico Carandente Tartaglia <br \/>P.IVA : 10134371219<\/p>\n<p>Indirizzo email del Titolare: info@aledoboutique.com<\/p>\n<p>\u00a0<\/p>\t\t\t\t\t\t\t\t<\/div>\n\t\t\t\t<\/div>\n\t\t\t\t\t<\/div>\n\t\t<\/div>\n\t\t\t\t\t<\/div>\n\t\t<\/section>\n\t\t\t\t<\/div>","protected":false},"excerpt":{"rendered":"<p>Privacy Policy Il presente regolamento sulla privacy stabilisce le disposizioni e le politiche relative alla raccolta, all&#8217;elaborazione, all&#8217;uso e alla protezione dei dati personali degli ospiti che prenotano e soggiornano presso la nostra struttura. Ci impegniamo a garantire la sicurezza e la riservatezza dei dati personali dei nostri ospiti e ad attenerci alle leggi applicabili [&hellip;]<\/p>","protected":false},"author":1,"featured_media":0,"parent":0,"menu_order":0,"comment_status":"closed","ping_status":"open","template":"","meta":{"bgseo_title":"","bgseo_description":"","bgseo_robots_index":"index","bgseo_robots_follow":"follow","footnotes":""},"class_list":["post-3","page","type-page","status-publish","hentry"],"_links":{"self":[{"href":"https:\/\/www.aledoboutique.com\/en\/wp-json\/wp\/v2\/pages\/3","targetHints":{"allow":["GET"]}}],"collection":[{"href":"https:\/\/www.aledoboutique.com\/en\/wp-json\/wp\/v2\/pages"}],"about":[{"href":"https:\/\/www.aledoboutique.com\/en\/wp-json\/wp\/v2\/types\/page"}],"author":[{"embeddable":true,"href":"https:\/\/www.aledoboutique.com\/en\/wp-json\/wp\/v2\/users\/1"}],"replies":[{"embeddable":true,"href":"https:\/\/www.aledoboutique.com\/en\/wp-json\/wp\/v2\/comments?post=3"}],"version-history":[{"count":8,"href":"https:\/\/www.aledoboutique.com\/en\/wp-json\/wp\/v2\/pages\/3\/revisions"}],"predecessor-version":[{"id":5662,"href":"https:\/\/www.aledoboutique.com\/en\/wp-json\/wp\/v2\/pages\/3\/revisions\/5662"}],"wp:attachment":[{"href":"https:\/\/www.aledoboutique.com\/en\/wp-json\/wp\/v2\/media?parent=3"}],"curies":[{"name":"wp","href":"https:\/\/api.w.org\/{rel}","templated":true}]}}