{"id":5663,"date":"2023-11-08T10:08:12","date_gmt":"2023-11-08T10:08:12","guid":{"rendered":"https:\/\/www.aledoboutique.com\/?page_id=5663"},"modified":"2023-11-08T10:14:10","modified_gmt":"2023-11-08T10:14:10","slug":"regole-della-casa","status":"publish","type":"page","link":"https:\/\/www.aledoboutique.com\/en\/regole-della-casa\/","title":{"rendered":"House Rules"},"content":{"rendered":"<div data-elementor-type=\"wp-page\" data-elementor-id=\"5663\" class=\"elementor elementor-5663\">\n\t\t\t\t\t\t<section class=\"elementor-section elementor-top-section elementor-element elementor-element-5034a005 elementor-section-boxed elementor-section-height-default elementor-section-height-default qodef-elementor-content-no\" data-id=\"5034a005\" data-element_type=\"section\">\n\t\t\t\t\t\t<div class=\"elementor-container elementor-column-gap-default\">\n\t\t\t\t\t<div class=\"elementor-column elementor-col-100 elementor-top-column elementor-element elementor-element-39fe46f\" data-id=\"39fe46f\" data-element_type=\"column\">\n\t\t\t<div class=\"elementor-widget-wrap elementor-element-populated\">\n\t\t\t\t\t\t<div class=\"elementor-element elementor-element-48a1789 elementor-widget elementor-widget-heading\" data-id=\"48a1789\" data-element_type=\"widget\" data-widget_type=\"heading.default\">\n\t\t\t\t<div class=\"elementor-widget-container\">\n\t\t\t\t\t<h2 class=\"elementor-heading-title elementor-size-default\">House Rules<\/h2>\t\t\t\t<\/div>\n\t\t\t\t<\/div>\n\t\t\t\t<div class=\"elementor-element elementor-element-a18dd4f elementor-widget elementor-widget-text-editor\" data-id=\"a18dd4f\" data-element_type=\"widget\" data-widget_type=\"text-editor.default\">\n\t\t\t\t<div class=\"elementor-widget-container\">\n\t\t\t\t\t\t\t\t\t<h3><span style=\"font-weight: 400;\">\u00a0<\/span><span style=\"font-weight: 400;\">Obblighi dell&#8217;Ospite:<\/span><\/h3><p><span style=\"font-weight: 400;\">&#8211; Conformit\u00e0 alle norme: L&#8217;ospite \u00e8 tenuto ad attenersi scrupolosamente a tutte le regole e le disposizioni stabilite dal proprietario in relazione all&#8217;utilizzo\/ al godimento della struttura.\u00a0<\/span><\/p><p><span style=\"font-weight: 400;\">&#8211; Occupazione massima: L&#8217;ospite si impegna a rispettare rigorosamente il numero massimo di persone autorizzate ad alloggiare nella struttura e a non consentire l&#8217;ingresso di ulteriori ospiti senza previa approvazione scritta da parte del proprietario.<\/span><\/p><p><span style=\"font-weight: 400;\">&#8211; Rispetto della quiete: L&#8217;ospite \u00e8 tenuto ad adottare un comportamento rispettoso nei confronti dei residenti circostanti, evitando la produzione di rumori che possano alterare la quiete e osservando scrupolosamente i regolamenti relativi alla quiete stabiliti dal proprietario.<\/span><\/p><p><span style=\"font-weight: 400;\">&#8211; Divieto di fumo: Conformemente alla politica non fumatori della struttura, \u00e8 proibito fumare negli ambienti interni.<\/span><\/p><p><span style=\"font-weight: 400;\">&#8211;\u00a0 Animali domestici: Non \u00e8\u00a0 consentito ospitare animali domestici, l&#8217;ospite sar\u00e0 tenuto a rispettare tale divieto.<\/span><\/p><p><span style=\"font-weight: 400;\">&#8211; Sicurezza e procedure di emergenza: L&#8217;ospite \u00e8 tenuto ad attenersi rigorosamente a tutte le procedure di sicurezza stabilite dal proprietario per l&#8217;utilizzo degli impianti di sicurezza, inclusi sistemi d&#8217;allarme antincendio, estintori e percorsi di evacuazione in caso di emergenza.<\/span><\/p><p><span style=\"font-weight: 400;\">&#8211; Politica di cancellazione: L&#8217;ospite sar\u00e0 tenuto a rispettare integralmente la politica di cancellazione stabilita dal proprietario al momento della prenotazione.<\/span><\/p><p><span style=\"font-weight: 400;\">&#8211; Responsabilit\u00e0 per Danneggiamenti: L&#8217;ospite sar\u00e0 ritenuto responsabile per qualsiasi danno arrecato alla casa vacanze, agli arredi o alle attrezzature, sia intenzionalmente che per negligenza. In caso di danni causati dall&#8217;ospite durante il soggiorno, questi si impegna a coprire completamente i costi di riparazione o sostituzione dei danni causati. Il costo dei danni verr\u00e0 addebitato sulla carta fornita dall&#8217;ospite durante la fase di prenotazione.<\/span><\/p><p><span style=\"font-weight: 400;\">&#8211; <\/span><span style=\"font-weight: 400;\">Esclusione di responsabilit\u00e0 per le azioni del cliente: La struttura non sar\u00e0 ritenuta responsabile per qualsiasi azione, comportamento o attivit\u00e0 intrapresa dall&#8217;ospite durante il soggiorno all&#8217;interno della struttura. L&#8217;ospite riconosce che tutte le attivit\u00e0 svolte all&#8217;interno della propriet\u00e0 sono di sua esclusiva responsabilit\u00e0. Inoltre si impegna a mantenere un comportamento responsabile ed al rispetto delle leggi locali, regionali e nazionali durante la permanenza in struttura. Qualsiasi violazione di legge da parte dell&#8217;ospite sar\u00e0 esclusivamente a carico di quest&#8217;ultimo e potrebbe essere soggetta a provvedimenti legali o sanzioni comminate dalle autorit\u00e0 competenti.<\/span><\/p><p><span style=\"font-weight: 400;\">&#8211; Sorveglianza con telecamere negli spazi condominiali: Si informa l&#8217;ospite che la struttura \u00e8 dotata di sistemi di videosorveglianza con telecamere posizionate esclusivamente negli spazi condominiali esterni alla struttura. Tali telecamere sono installate per motivi di sicurezza e sorveglianza del perimetro e non sono destinate ad essere utilizzate per monitorare gli ambienti interni destinati al soggiorno degli ospiti. Si sottolinea che il trattamento delle immagini raccolte tramite queste telecamere \u00e8 effettuato nel rispetto delle disposizioni in materia di protezione dei dati personali e della normativa vigente in materia di privacy. Le registrazioni delle telecamere saranno conservate solo per il periodo strettamente necessario ai fini della sicurezza della struttura.<\/span><\/p><h3><span style=\"font-weight: 400;\">Diritti dell&#8217;Ospite:<\/span><\/h3><p><span style=\"font-weight: 400;\">&#8211; Accesso alla casa vacanza: L&#8217;ospite ha il diritto di accedere alla casa vacanza nell&#8217;orario concordato per il check-in, a meno che non siano stati stipulati accordi diversi con il proprietario.<\/span><\/p><p><span style=\"font-weight: 400;\">&#8211; Sicurezza e servizi: L&#8217;ospite ha il diritto di soggiornare in un ambiente sicuro e privo di pericoli. Eventuali problematiche legate alla sicurezza o al funzionamento degli impianti saranno tempestivamente segnalate al proprietario.<\/span><\/p><p><span style=\"font-weight: 400;\">&#8211; Riservatezza: L&#8217;ospite ha il diritto alla riservatezza durante il soggiorno, e il proprietario garantir\u00e0 il rispetto della privacy dell&#8217;ospite.<\/span><\/p><p><span style=\"font-weight: 400;\">&#8211; Rimborsi e servizi inclusi: L&#8217;ospite ha il diritto di ricevere tutti i servizi e le comodit\u00e0 inclusi nella prenotazione e di ottenere eventuali rimborsi o compensazioni, se previsti, in conformit\u00e0 con la politica della struttura.<\/span><\/p><p><span style=\"font-weight: 400;\">&#8211; Supporto e assistenza: L&#8217;ospite ha il diritto di ricevere supporto e assistenza da parte del proprietario o di un responsabile designato in caso di necessit\u00e0 durante il soggiorno.<\/span><\/p><p><span style=\"font-weight: 400;\">Si fa notare che il presente regolamento, che comprende gli oneri e i diritti dell&#8217;ospite, deve essere rispettato al fine di garantire un&#8217;esperienza soddisfacente e armoniosa per tutte le parti coinvolte.<\/span><\/p>\t\t\t\t\t\t\t\t<\/div>\n\t\t\t\t<\/div>\n\t\t\t\t\t<\/div>\n\t\t<\/div>\n\t\t\t\t\t<\/div>\n\t\t<\/section>\n\t\t\t\t<\/div>","protected":false},"excerpt":{"rendered":"<p>Regole della casa \u00a0Obblighi dell&#8217;Ospite: &#8211; Conformit\u00e0 alle norme: L&#8217;ospite \u00e8 tenuto ad attenersi scrupolosamente a tutte le regole e le disposizioni stabilite dal proprietario in relazione all&#8217;utilizzo\/ al godimento della struttura.\u00a0 &#8211; Occupazione massima: L&#8217;ospite si impegna a rispettare rigorosamente il numero massimo di persone autorizzate ad alloggiare nella struttura e a non consentire [&hellip;]<\/p>","protected":false},"author":1,"featured_media":0,"parent":0,"menu_order":0,"comment_status":"closed","ping_status":"closed","template":"","meta":{"bgseo_title":"","bgseo_description":"","bgseo_robots_index":"index","bgseo_robots_follow":"follow","footnotes":""},"class_list":["post-5663","page","type-page","status-publish","hentry"],"_links":{"self":[{"href":"https:\/\/www.aledoboutique.com\/en\/wp-json\/wp\/v2\/pages\/5663","targetHints":{"allow":["GET"]}}],"collection":[{"href":"https:\/\/www.aledoboutique.com\/en\/wp-json\/wp\/v2\/pages"}],"about":[{"href":"https:\/\/www.aledoboutique.com\/en\/wp-json\/wp\/v2\/types\/page"}],"author":[{"embeddable":true,"href":"https:\/\/www.aledoboutique.com\/en\/wp-json\/wp\/v2\/users\/1"}],"replies":[{"embeddable":true,"href":"https:\/\/www.aledoboutique.com\/en\/wp-json\/wp\/v2\/comments?post=5663"}],"version-history":[{"count":7,"href":"https:\/\/www.aledoboutique.com\/en\/wp-json\/wp\/v2\/pages\/5663\/revisions"}],"predecessor-version":[{"id":5670,"href":"https:\/\/www.aledoboutique.com\/en\/wp-json\/wp\/v2\/pages\/5663\/revisions\/5670"}],"wp:attachment":[{"href":"https:\/\/www.aledoboutique.com\/en\/wp-json\/wp\/v2\/media?parent=5663"}],"curies":[{"name":"wp","href":"https:\/\/api.w.org\/{rel}","templated":true}]}}